{"id":20,"date":"2026-04-13T22:32:11","date_gmt":"2026-04-13T20:32:11","guid":{"rendered":"https:\/\/edenik.pl\/?page_id=20"},"modified":"2026-04-14T17:34:46","modified_gmt":"2026-04-14T15:34:46","slug":"strona-glowna","status":"publish","type":"page","link":"https:\/\/edenik.pl\/","title":{"rendered":"Strona g\u0142\u00f3wna"},"content":{"rendered":"\n<p>Witamy na stronie serwera gry wy\u015bcigowej Trackmania. Gra Umo\u017cliwia czerpanie przyjemno\u015bci z ekstremalnie szybkiej jazdy po widowiskowych trasach w trybie jedno- i wieloosobowym. Mia\u0142a premier\u0119 16 kwietnia 2008 roku. W przypadku TrackManii studio Nadeo postanowi\u0142o wykorzysta\u0107 mo\u017cliwo\u015bci komputer\u00f3w osobistych jako platformy dla gier, tw\u00f3rczo\u015bci i komunikacji mi\u0119dzy graczami, dzi\u0119ki czemu wi\u0119ksza liczba os\u00f3b mo\u017ce uczestniczy\u0107 w tej zabawie.<\/p>\n\n\n\n<p><\/p>\n","protected":false},"excerpt":{"rendered":"<p>Witamy na stronie serwera gry wy\u015bcigowej Trackmania. Gra Umo\u017cliwia czerpanie przyjemno\u015bci z ekstremalnie szybkiej jazdy po widowiskowych trasach w trybie jedno- i wieloosobowym. Mia\u0142a premier\u0119 16 kwietnia 2008 roku. W przypadku TrackManii studio Nadeo postanowi\u0142o wykorzysta\u0107 mo\u017cliwo\u015bci komputer\u00f3w osobistych jako platformy dla gier, tw\u00f3rczo\u015bci i komunikacji mi\u0119dzy graczami, dzi\u0119ki czemu wi\u0119ksza liczba os\u00f3b mo\u017ce uczestniczy\u0107 &hellip; <\/p>\n<p class=\"link-more\"><a href=\"https:\/\/edenik.pl\/\" class=\"more-link\">Czytaj dalej<span class=\"screen-reader-text\"> \u201eStrona g\u0142\u00f3wna\u201d<\/span><\/a><\/p>\n","protected":false},"author":1,"featured_media":0,"parent":0,"menu_order":0,"comment_status":"closed","ping_status":"closed","template":"","meta":{"footnotes":""},"class_list":["post-20","page","type-page","status-publish","hentry"],"_links":{"self":[{"href":"https:\/\/edenik.pl\/index.php\/wp-json\/wp\/v2\/pages\/20","targetHints":{"allow":["GET"]}}],"collection":[{"href":"https:\/\/edenik.pl\/index.php\/wp-json\/wp\/v2\/pages"}],"about":[{"href":"https:\/\/edenik.pl\/index.php\/wp-json\/wp\/v2\/types\/page"}],"author":[{"embeddable":true,"href":"https:\/\/edenik.pl\/index.php\/wp-json\/wp\/v2\/users\/1"}],"replies":[{"embeddable":true,"href":"https:\/\/edenik.pl\/index.php\/wp-json\/wp\/v2\/comments?post=20"}],"version-history":[{"count":5,"href":"https:\/\/edenik.pl\/index.php\/wp-json\/wp\/v2\/pages\/20\/revisions"}],"predecessor-version":[{"id":82,"href":"https:\/\/edenik.pl\/index.php\/wp-json\/wp\/v2\/pages\/20\/revisions\/82"}],"wp:attachment":[{"href":"https:\/\/edenik.pl\/index.php\/wp-json\/wp\/v2\/media?parent=20"}],"curies":[{"name":"wp","href":"https:\/\/api.w.org\/{rel}","templated":true}]}}